{"id":259,"date":"2020-06-19T11:47:56","date_gmt":"2020-06-19T08:47:56","guid":{"rendered":"http:\/\/saitzorlu.com.tr\/test333\/?page_id=259"},"modified":"2020-07-06T09:49:15","modified_gmt":"2020-07-06T06:49:15","slug":"baskanin-mesaji","status":"publish","type":"page","link":"https:\/\/saitzorlu.com.tr\/yeni\/hakkimizda\/baskanin-mesaji\/","title":{"rendered":"Ba\u015fkan\u0131n Mesaj\u0131"},"content":{"rendered":"","protected":false},"excerpt":{"rendered":"","protected":false},"author":1,"featured_media":0,"parent":13,"menu_order":0,"comment_status":"closed","ping_status":"closed","template":"","meta":[],"_links":{"self":[{"href":"https:\/\/saitzorlu.com.tr\/yeni\/wp-json\/wp\/v2\/pages\/259"}],"collection":[{"href":"https:\/\/saitzorlu.com.tr\/yeni\/wp-json\/wp\/v2\/pages"}],"about":[{"href":"https:\/\/saitzorlu.com.tr\/yeni\/wp-json\/wp\/v2\/types\/page"}],"author":[{"embeddable":true,"href":"https:\/\/saitzorlu.com.tr\/yeni\/wp-json\/wp\/v2\/users\/1"}],"replies":[{"embeddable":true,"href":"https:\/\/saitzorlu.com.tr\/yeni\/wp-json\/wp\/v2\/comments?post=259"}],"version-history":[{"count":1,"href":"https:\/\/saitzorlu.com.tr\/yeni\/wp-json\/wp\/v2\/pages\/259\/revisions"}],"predecessor-version":[{"id":261,"href":"https:\/\/saitzorlu.com.tr\/yeni\/wp-json\/wp\/v2\/pages\/259\/revisions\/261"}],"up":[{"embeddable":true,"href":"https:\/\/saitzorlu.com.tr\/yeni\/wp-json\/wp\/v2\/pages\/13"}],"wp:attachment":[{"href":"https:\/\/saitzorlu.com.tr\/yeni\/wp-json\/wp\/v2\/media?parent=259"}],"curies":[{"name":"wp","href":"https:\/\/api.w.org\/{rel}","templated":true}]}}