{"id":279,"date":"2020-06-19T14:43:52","date_gmt":"2020-06-19T11:43:52","guid":{"rendered":"http:\/\/saitzorlu.com.tr\/test333\/?page_id=279"},"modified":"2020-06-21T19:56:06","modified_gmt":"2020-06-21T16:56:06","slug":"insan-kaynaklari","status":"publish","type":"page","link":"https:\/\/saitzorlu.com.tr\/yeni\/iletisim\/insan-kaynaklari\/","title":{"rendered":"\u0130nsan Kaynaklar\u0131"},"content":{"rendered":"\n<p>\u015eirket\u2019te \u00e7al\u0131\u015fan her personelin, organizasyonel yap\u0131daki konumunun gerekli k\u0131ld\u0131\u011f\u0131 tak\u0131mlar\u0131n \u00fcyesi olma sorumlulu\u011funu kavramas\u0131na ve \u00fcyesi bulundu\u011fu tak\u0131mlar\u0131n ruhuna uygun davranmas\u0131na ili\u015fkin tutum-davran\u0131\u015f al\u0131\u015fkanl\u0131\u011f\u0131n\u0131n edindirilmesi esast\u0131r.<\/p>\n\n\n\n<p>Organizasyonun her d\u00fczeyindeki kadrolarda en kalifiye ve en yetenekli personeli bulundurmak ba\u011flam\u0131nda a\u015fa\u011f\u0131da belirtilen hususlar dikkate al\u0131n\u0131r:<\/p>\n\n\n\n<ul><li>Gere\u011finden fazla personel istihdam etmemek ve personelin en y\u00fcksek verimle \u00e7al\u0131\u015fmas\u0131n\u0131 sa\u011flamak,<\/li><li>G\u00f6revin gereklerine uygun yetkin personelin g\u00f6revlendirilmesini ger\u00e7ekle\u015ftirmek, t\u00fcm personele yetenek ve yeterliklerine g\u00f6re yeti\u015fme ve geli\u015fme imk\u00e2nlar\u0131 sa\u011flamak,<\/li><li>Personelin ki\u015fili\u011fine sayg\u0131 duymak, \u00f6zl\u00fck i\u015flerine ili\u015fkin haklar\u0131n\u0131n korunmas\u0131n\u0131 sa\u011flamak,<\/li><li>Personeli ba\u015far\u0131ya te\u015fvik etmek, \u00f6d\u00fcllendirmek, bilgi ve g\u00f6rg\u00fcs\u00fcn\u00fc art\u0131rmak, bo\u015falan kadrolara b\u00fcnye i\u00e7inden eleman (yetkin personel) yeti\u015ftirme \u00e7abas\u0131n\u0131 g\u00f6stermek ve bu yerlere yerle\u015ftirmede \u015firket i\u00e7inde yeti\u015fen personele \u00f6ncelik tan\u0131mak,<\/li><li>Personeli, kendisini ilgilendiren konularda zaman\u0131nda haberdar etmek, g\u00f6r\u00fc\u015f ve fikirlerini ilgili y\u00f6netim kademelerine kolayl\u0131kla bildirmelerini sa\u011flayacak haberle\u015fme usullerini geli\u015ftirmek,<\/li><li>T\u00fcm y\u00f6neticileriyle birlikte, personelin \u00e7al\u0131\u015fma isteklerini geli\u015ftirici bir i\u015f ortam\u0131 meydana getirmek ve iyi be\u015feri ili\u015fkilerin tesis edilmesini sa\u011flamak.<\/li><\/ul>\n\n\n\n<p>*&nbsp;i\u015fareti olan alanlar zorunludur<br><\/p>\n\n\n\n\n<div class=\"wpcf7 no-js\" id=\"wpcf7-f280-o1\" lang=\"tr-TR\" dir=\"ltr\">\n<div class=\"screen-reader-response\"><p role=\"status\" aria-live=\"polite\" aria-atomic=\"true\"><\/p> <ul><\/ul><\/div>\n<form action=\"\/yeni\/wp-json\/wp\/v2\/pages\/279#wpcf7-f280-o1\" method=\"post\" class=\"wpcf7-form init\" aria-label=\"Contact form\" enctype=\"multipart\/form-data\" novalidate=\"novalidate\" data-status=\"init\">\n<div style=\"display: none;\">\n<input type=\"hidden\" name=\"_wpcf7\" value=\"280\" \/>\n<input type=\"hidden\" name=\"_wpcf7_version\" value=\"5.8.7\" \/>\n<input type=\"hidden\" name=\"_wpcf7_locale\" value=\"tr_TR\" \/>\n<input type=\"hidden\" name=\"_wpcf7_unit_tag\" value=\"wpcf7-f280-o1\" \/>\n<input type=\"hidden\" name=\"_wpcf7_container_post\" value=\"0\" \/>\n<input type=\"hidden\" name=\"_wpcf7_posted_data_hash\" value=\"\" \/>\n<\/div>\n<p><label> Ba\u015fvurmak \u0130stedi\u011finiz Pozisyon *<br \/>\n<span class=\"wpcf7-form-control-wrap\" data-name=\"basvuru1\"><input size=\"40\" class=\"wpcf7-form-control wpcf7-text wpcf7-validates-as-required\" aria-required=\"true\" aria-invalid=\"false\" value=\"\" type=\"text\" name=\"basvuru1\" \/><\/span> <\/label>\n<\/p>\n<p><label> Ad\u0131n\u0131z *<br \/>\n<span class=\"wpcf7-form-control-wrap\" data-name=\"your-name\"><input size=\"40\" class=\"wpcf7-form-control wpcf7-text wpcf7-validates-as-required\" aria-required=\"true\" aria-invalid=\"false\" value=\"\" type=\"text\" name=\"your-name\" \/><\/span> <\/label>\n<\/p>\n<p><label> TC. Kimlik No *<br \/>\n<span class=\"wpcf7-form-control-wrap\" data-name=\"tckimlik1\"><input size=\"40\" class=\"wpcf7-form-control wpcf7-text wpcf7-validates-as-required\" aria-required=\"true\" aria-invalid=\"false\" value=\"\" type=\"text\" name=\"tckimlik1\" \/><\/span> <\/label>\n<\/p>\n<p><label> Telefon *<br \/>\n<span class=\"wpcf7-form-control-wrap\" data-name=\"tel1\"><input size=\"40\" class=\"wpcf7-form-control wpcf7-text wpcf7-validates-as-required\" aria-required=\"true\" aria-invalid=\"false\" value=\"\" type=\"text\" name=\"tel1\" \/><\/span> <\/label>\n<\/p>\n<p><label> E-posta adresiniz *<br \/>\n<span class=\"wpcf7-form-control-wrap\" data-name=\"your-email\"><input size=\"40\" class=\"wpcf7-form-control wpcf7-email wpcf7-validates-as-required wpcf7-text wpcf7-validates-as-email\" aria-required=\"true\" aria-invalid=\"false\" value=\"\" type=\"email\" name=\"your-email\" \/><\/span> <\/label>\n<\/p>\n<p><label> Do\u011fum Tarihiniz *<br \/>\n<span class=\"wpcf7-form-control-wrap\" data-name=\"dogum1\"><input size=\"40\" class=\"wpcf7-form-control wpcf7-text wpcf7-validates-as-required\" aria-required=\"true\" aria-invalid=\"false\" value=\"\" type=\"text\" name=\"dogum1\" \/><\/span> <\/label>\n<\/p>\n<p><label> Do\u011fum Yeriniz *<br \/>\n<span class=\"wpcf7-form-control-wrap\" data-name=\"dogumyer1\"><input size=\"40\" class=\"wpcf7-form-control wpcf7-text wpcf7-validates-as-required\" aria-required=\"true\" aria-invalid=\"false\" value=\"\" type=\"text\" name=\"dogumyer1\" \/><\/span> <\/label>\n<\/p>\n<p><label> Askerlik Durumu *<br \/>\n<span class=\"wpcf7-form-control-wrap\" data-name=\"menu-214\"><select class=\"wpcf7-form-control wpcf7-select wpcf7-validates-as-required\" aria-required=\"true\" aria-invalid=\"false\" name=\"menu-214\"><option value=\"\">&#8212;Please choose an option&#8212;<\/option><option value=\"Yap\u0131ld\u0131\/Muaf\">Yap\u0131ld\u0131\/Muaf<\/option><option value=\"Yap\u0131lmad\u0131\">Yap\u0131lmad\u0131<\/option><option value=\"Tecilli\">Tecilli<\/option><\/select><\/span> <\/label>\n<\/p>\n<p><label> Medeni Durumu *<br \/>\n<span class=\"wpcf7-form-control-wrap\" data-name=\"medeni1\"><input size=\"40\" class=\"wpcf7-form-control wpcf7-text wpcf7-validates-as-required\" aria-required=\"true\" aria-invalid=\"false\" value=\"\" type=\"text\" name=\"medeni1\" \/><\/span> <\/label>\n<\/p>\n<p><label> Adresiniz *<br \/>\n<span class=\"wpcf7-form-control-wrap\" data-name=\"adres1\"><input size=\"40\" class=\"wpcf7-form-control wpcf7-text\" aria-invalid=\"false\" value=\"\" type=\"text\" name=\"adres1\" \/><\/span> <\/label>\n<\/p>\n<p><label> Cinsiyetiniz *<br \/>\n<span class=\"wpcf7-form-control-wrap\" data-name=\"menu-214\"><select class=\"wpcf7-form-control wpcf7-select wpcf7-validates-as-required\" aria-required=\"true\" aria-invalid=\"false\" name=\"menu-214\"><option value=\"\">&#8212;Please choose an option&#8212;<\/option><option value=\"Erkek\">Erkek<\/option><option value=\"Bayan\">Bayan<\/option><\/select><\/span> <\/label>\n<\/p>\n<p><label> Notunuz<br \/>\n<span class=\"wpcf7-form-control-wrap\" data-name=\"not1\"><textarea cols=\"40\" rows=\"10\" class=\"wpcf7-form-control wpcf7-textarea\" aria-invalid=\"false\" name=\"not1\"><\/textarea><\/span> <\/label>\n<\/p>\n<p><label> Varsa CW'niz (doc,docx,pdf)<br \/>\n<span class=\"wpcf7-form-control-wrap\" data-name=\"file-986\"><input size=\"40\" class=\"wpcf7-form-control wpcf7-file\" accept=\".doc,.pdf,.docx\" aria-invalid=\"false\" type=\"file\" name=\"file-986\" \/><\/span><\/label>\n<\/p>\n<p><span class=\"wpcf7-form-control-wrap\" data-name=\"acceptance-20\"><span class=\"wpcf7-form-control wpcf7-acceptance\"><span class=\"wpcf7-list-item\"><label><input type=\"checkbox\" name=\"acceptance-20\" value=\"1\" aria-invalid=\"false\" \/><span class=\"wpcf7-list-item-label\"><a href=\"https:\/\/saitzorlu.com.tr\/yeni\/calisan-adayi-bilgilendirme-ve-aydinlatma-metni\/\" target=\"_blank\">Ki\u015fisel Verilerin Korunmas\u0131 Ayd\u0131nlatma Metnini <\/a> Okudum*<\/span><\/label><\/span><\/span><\/span>\n<\/p>\n<p><input class=\"wpcf7-form-control wpcf7-submit has-spinner\" type=\"submit\" value=\"G\u00f6nder\" \/>\n<\/p><p style=\"display: none !important;\"><label>&#916;<textarea name=\"_wpcf7_ak_hp_textarea\" cols=\"45\" rows=\"8\" maxlength=\"100\"><\/textarea><\/label><input type=\"hidden\" id=\"ak_js_1\" name=\"_wpcf7_ak_js\" value=\"173\"\/><script>document.getElementById( \"ak_js_1\" ).setAttribute( \"value\", ( new Date() ).getTime() );<\/script><\/p><div class=\"wpcf7-response-output\" aria-hidden=\"true\"><\/div>\n<\/form>\n<\/div>\n\n","protected":false},"excerpt":{"rendered":"<p>\u015eirket\u2019te \u00e7al\u0131\u015fan her personelin, organizasyonel yap\u0131daki konumunun gerekli k\u0131ld\u0131\u011f\u0131 tak\u0131mlar\u0131n \u00fcyesi olma sorumlulu\u011funu kavramas\u0131na ve \u00fcyesi bulundu\u011fu tak\u0131mlar\u0131n ruhuna uygun davranmas\u0131na ili\u015fkin tutum-davran\u0131\u015f al\u0131\u015fkanl\u0131\u011f\u0131n\u0131n edindirilmesi esast\u0131r.<span class=\"excerpt-hellip\"> [\u2026]<\/span><\/p>\n","protected":false},"author":1,"featured_media":0,"parent":15,"menu_order":0,"comment_status":"closed","ping_status":"closed","template":"","meta":[],"_links":{"self":[{"href":"https:\/\/saitzorlu.com.tr\/yeni\/wp-json\/wp\/v2\/pages\/279"}],"collection":[{"href":"https:\/\/saitzorlu.com.tr\/yeni\/wp-json\/wp\/v2\/pages"}],"about":[{"href":"https:\/\/saitzorlu.com.tr\/yeni\/wp-json\/wp\/v2\/types\/page"}],"author":[{"embeddable":true,"href":"https:\/\/saitzorlu.com.tr\/yeni\/wp-json\/wp\/v2\/users\/1"}],"replies":[{"embeddable":true,"href":"https:\/\/saitzorlu.com.tr\/yeni\/wp-json\/wp\/v2\/comments?post=279"}],"version-history":[{"count":2,"href":"https:\/\/saitzorlu.com.tr\/yeni\/wp-json\/wp\/v2\/pages\/279\/revisions"}],"predecessor-version":[{"id":282,"href":"https:\/\/saitzorlu.com.tr\/yeni\/wp-json\/wp\/v2\/pages\/279\/revisions\/282"}],"up":[{"embeddable":true,"href":"https:\/\/saitzorlu.com.tr\/yeni\/wp-json\/wp\/v2\/pages\/15"}],"wp:attachment":[{"href":"https:\/\/saitzorlu.com.tr\/yeni\/wp-json\/wp\/v2\/media?parent=279"}],"curies":[{"name":"wp","href":"https:\/\/api.w.org\/{rel}","templated":true}]}}