{"id":498,"date":"2022-07-14T15:58:14","date_gmt":"2022-07-14T12:58:14","guid":{"rendered":"https:\/\/saitzorlu.com.tr\/yeni\/?page_id=498"},"modified":"2022-07-16T19:34:32","modified_gmt":"2022-07-16T16:34:32","slug":"aydinlatma-metni","status":"publish","type":"page","link":"https:\/\/saitzorlu.com.tr\/yeni\/aydinlatma-metni\/","title":{"rendered":"Bilgilendirme Ve Ayd\u0131nlatma Metni"},"content":{"rendered":"\n<p><strong>6698 SAYILI K\u0130\u015e\u0130SEL VER\u0130LER\u0130N KORUNMASI KANUNU (KVKK)<\/strong><\/p>\n\n\n\n<p><strong>B\u0130LG\u0130LEND\u0130RME VE AYDINLATMA METN\u0130<\/strong><\/p>\n\n\n\n<p><a><strong>\u201cSA\u0130T ZORLU \u0130N\u015eAAT\u201d<\/strong><\/a> olarak; 6698 say\u0131l\u0131 Ki\u015fisel Verilerin Korunmas\u0131 Kanunu\u2019na (\u201cKanun\u201d) ve ilgili mevzuata uygun olarak, ki\u015fisel verilerinizin i\u015flenmesine ve korunmas\u0131na \u00f6zen g\u00f6steriyoruz. Ki\u015fisel verilerin hukuka ayk\u0131r\u0131 olarak i\u015flenmesini \u00f6nlemek, ki\u015fisel verilere hukuka ayk\u0131r\u0131 olarak eri\u015filmesini \u00f6nlemek, ki\u015fisel verilerin korunmas\u0131 muhafazas\u0131n\u0131 sa\u011flamak amac\u0131yla tabi oldu\u011fumuz mevzuat gere\u011fi gerekli teknik ve idari tedbirler al\u0131nmaktad\u0131r.<\/p>\n\n\n\n<p>\u015eirketimiz taraf\u0131ndan i\u015fletilmekte olan <a href=\"http:\/\/www.saitzorlu.com.tr\">www.saitzorlu.com.tr<\/a> internet sitemizi ziyaret etmeniz, sitemizde bulunan ki\u015fisel veri i\u00e7eren formlar\u0131 doldurman\u0131z, \u015firketimiz ile ileti\u015fime ge\u00e7meniz nedeniyle, ki\u015fisel verileriniz Kanunun 4. maddesinde belirtilen ilkeler do\u011frultusunda i\u015flenmektedir. \u0130nternet sayfam\u0131zda yay\u0131mlanan Gizlilik ve \u00c7erez Politikam\u0131z\u0131 inceleyebilirsiniz.<\/p>\n\n\n\n<p>Kanunun 10. maddesi ile Ayd\u0131nlatma Y\u00fck\u00fcml\u00fcl\u00fc\u011f\u00fcn\u00fcn Yerine Getirilmesinde Uyulacak Usul ve Esaslar Hakk\u0131nda Tebli\u011f uyar\u0131nca; \u00c7al\u0131\u015fanlar\u0131m\u0131z\u0131, tedarik\u00e7ilerimizi, i\u015f ortaklar\u0131m\u0131z\u0131, \u00fcr\u00fcn veya hizmet alan m\u00fc\u015fterilerimizi, potansiyel \u00fcr\u00fcn veya hizmet alan ki\u015filer ve internet sitemizi ziyaret eden ilgili \u00fc\u00e7\u00fcnc\u00fc ki\u015fileri kapsayacak \u015fekilde haz\u0131rlanm\u0131\u015f olan i\u015fbu ayd\u0131nlatma metni ile sizleri bilgilendiriyoruz. Veri sahibi ilgili ki\u015fi gruplar\u0131na g\u00f6re ayr\u0131 ayr\u0131 ayd\u0131nlatma metinleri ayr\u0131ca haz\u0131rlanm\u0131\u015f olup, yetkili \u015firket birimlerinden politikalar\u0131m\u0131z\u0131 temin edebilirsiniz.<\/p>\n\n\n\n<p><strong>1.VER\u0130 SORUMLUSU:<\/strong><\/p>\n\n\n\n<p>Ki\u015fisel verileriniz, 6698 say\u0131l\u0131 Ki\u015fisel Verilerin Korunmas\u0131 Kanunu (\u201cKVKK\u201d) uyar\u0131nca, Sait Zorlu \u0130n\u015faat Otomotiv Tekstil D\u0131\u015f Ticaret Sanayi Limited \u015eirketi (\u201cSait Zorlu \u0130n\u015faat\u201d) taraf\u0131ndan, Kanununun 3. Maddesinde tan\u0131mlanan \u201cVeri Sorumlusu\u201d s\u0131fat\u0131yla i\u015flenmektedir.&nbsp;<\/p>\n\n\n\n<p><strong>2.K\u0130\u015e\u0130SEL VER\u0130LER\u0130N HANG\u0130 AMA\u00c7LA \u0130\u015eLENECE\u011e\u0130:<\/strong><\/p>\n\n\n\n<p>Ki\u015fisel verileriniz, \u015firket faaliyetleri kapsam\u0131nda Kanunun 4., 5., 6. maddelerine ve ilgili mevzuata uygun olarak a\u015fa\u011f\u0131daki ama\u00e7lar do\u011frultusunda i\u015flenmektedir:<\/p>\n\n\n\n<ul><li>\u015eirket faaliyetleri kapsam\u0131nda, i\u015fyeri ve konut in\u015faat, proje ve imalatlar\u0131n\u0131n ger\u00e7ekle\u015ftirilmesini sa\u011flamak, al\u0131m, sat\u0131m, daire ve i\u015fyeri teslimi, site y\u00f6netimi olu\u015fturulmas\u0131, ara\u00e7 kiralama hizmetleri gibi i\u015f s\u00fcre\u00e7leri y\u00fck\u00fcml\u00fcl\u00fcklerini yerine getirmek,<\/li><li>\u00dcr\u00fcn veya hizmet alan m\u00fc\u015fteriler i\u00e7in, \u00fcr\u00fcn ve hizmetlerin tan\u0131t\u0131lmas\u0131, reklam, pazarlama, organizasyon ve kampanya faaliyetlerinin s\u00fcrd\u00fcr\u00fclmesi, hizmet veya \u00fcr\u00fcnlerimizin m\u00fc\u015fterilere, potansiyel m\u00fc\u015fterilere sunulabilmesi, ticari i\u015f s\u00fcre\u00e7lerinin s\u00fcrd\u00fcr\u00fclmesi, m\u00fc\u015fteri memnuniyetinin sa\u011flanmas\u0131, m\u00fc\u015fterilerin talep ve \u015fikayet s\u00fcre\u00e7lerinin yerine getirilmesi, al\u0131m, sat\u0131m, \u00f6deme, tahsilat, faturaland\u0131rma, i\u015flemlerini ger\u00e7ekle\u015ftirmek, bu kapsamda ilgili ki\u015filere kar\u015f\u0131 yasal y\u00fck\u00fcml\u00fcl\u00fcklerimizin yerine getirilmesi,<\/li><li>M\u00fc\u015fteriler, tedarik\u00e7iler, i\u015f\/\u00e7\u00f6z\u00fcm ortaklar\u0131 bak\u0131m\u0131ndan, \u015firketin finans ve muhasebe, idari, hukuki, teknik i\u015f s\u00fcre\u00e7lerinin s\u00fcrd\u00fcr\u00fclmesi, \u00fcr\u00fcnlerimizi \u00f6nermek, m\u00fc\u015fteri, portf\u00f6y y\u00f6netimi, \u00fcr\u00fcn ve hizmet kalitesinin geli\u015ftirilmesi, ileti\u015fim, denetim, kontrol, risk y\u00f6netimi faaliyetlerinin yerine getirilmesi, kalite, \u00e7evre ve i\u015f sa\u011fl\u0131\u011f\u0131 ve g\u00fcvenli\u011fi y\u00f6netim sistemlerinin uygulanmas\u0131n\u0131 sa\u011flamak,<\/li><li>Yasal d\u00fczenlemeler gere\u011fince, mahkemelere, icra dairelerine, t\u00fcketici hakem heyetlerine, arabuluculara, adli makamlara, ilgili kamu kurum ve kurulu\u015flar\u0131na gerekli bildirimlerde bulunmak, yasal y\u00fck\u00fcml\u00fcl\u00fckleri yerine getirmek,<\/li><li>Yasal d\u00fczenlemeler gere\u011fince, ilgili kamu kurum ve kurulu\u015flar\u0131 ile ara\u00e7 kiralama bilgilerinin payla\u015f\u0131lmas\u0131, ara\u00e7 kiralama s\u00fcre\u00e7lerinin ger\u00e7ekle\u015ftirilmesi, yasal y\u00fck\u00fcml\u00fcl\u00fcklerin yerine getirilmesi<\/li><li>\u00c7al\u0131\u015fanlar, \u00e7al\u0131\u015fan adaylar\u0131, stajyerler bak\u0131m\u0131ndan; insan kaynaklar\u0131 s\u00fcre\u00e7lerinin planlanmas\u0131 ve icra edilmesi, \u00e7al\u0131\u015fma ba\u015fvuru s\u00fcre\u00e7lerinin yerine getirilmesi, \u00e7al\u0131\u015fanlar bak\u0131m\u0131ndan \u00f6zl\u00fck dosyalar\u0131n\u0131n olu\u015fturulmas\u0131, finans, muhasebe, idari, mali, sosyal haklara dair y\u00fck\u00fcml\u00fcl\u00fcklerin yerine getirilmesi, \u00e7al\u0131\u015fan aday\u0131n\u0131n ve stajyerlerin yerle\u015ftirme s\u00fcre\u00e7lerini yerine getirmek, \u015firket \u00fccret politikas\u0131n\u0131n belirlenmesi,<\/li><li>\u015eirket ortaklar\u0131\/hissedarlar\u0131 bak\u0131m\u0131ndan \u015firket y\u00f6netim faaliyetlerinin yerine getirilmesi, yasal y\u00fck\u00fcml\u00fcl\u00fcklerin yerine getirilmesi, \u015firket tan\u0131t\u0131m\u0131n\u0131n sa\u011flanmas\u0131, ilgili ki\u015filerin bilgilendirilmesi,<\/li><li>\u015eirketin; \u00fcr\u00fcn veya hizmet alan m\u00fc\u015fterileri, potansiyel \u00fcr\u00fcn veya hizmet al\u0131c\u0131lar\u0131, tedarik\u00e7ileri, hizmet sa\u011flay\u0131c\u0131lar\u0131, \u00e7al\u0131\u015fanlar\u0131 ve hukuki ili\u015fki i\u00e7inde bulundu\u011fu dan\u0131\u015fmanlar, i\u015f ortaklar\u0131, ilgili \u00fc\u00e7\u00fcnc\u00fc ki\u015filer, kamu kurum ve kurulu\u015flar\u0131 ile yapm\u0131\u015f oldu\u011fu veya yapaca\u011f\u0131 s\u00f6zle\u015fmelerin yap\u0131lmas\u0131 ve ifas\u0131n\u0131n sa\u011flanmas\u0131,<\/li><li>\u015eirketin \u00fc\u00e7\u00fcnc\u00fc ki\u015filerle olan hukuki uyu\u015fmazl\u0131klarda delil olarak ispat y\u00fck\u00fcml\u00fcl\u00fc\u011f\u00fc,<\/li><li>\u015eirketin hukuki ili\u015fki i\u00e7erisinde oldu\u011fu kamu kurum ve kurulu\u015flar\u0131, ger\u00e7ek ve t\u00fczel ki\u015filerle, t\u00fczel ki\u015fi yetkilileri, temsilcileri ile irtibat\u0131, ileti\u015fimi ger\u00e7ekle\u015ftirmek, \u015firketin kurumsal kalitesini sa\u011flamak, irtibatl\u0131 oldu\u011fu ilgili ki\u015filerin i\u015flem g\u00fcvenli\u011fini sa\u011flamak, \u015firket faaliyetleri ile ilgili internet sayfam\u0131z\u0131 kullanman\u0131z, \u015firket ileti\u015fim bilgileri vas\u0131tas\u0131yla ileti\u015fimin sa\u011flanmas\u0131,<\/li><li>\u015eirkete ait in\u015faat ve \u015fantiye alanlar\u0131 ve eklentilerinin, ta\u015f\u0131n\u0131r mal g\u00fcvenli\u011finin sa\u011flanmas\u0131, fiziksel mekan g\u00fcvenli\u011finin, \u015fantiye alanlar\u0131, sat\u0131\u015f ofislerinin giri\u015f-\u00e7\u0131k\u0131\u015flar\u0131n\u0131n kontrol\u00fcn\u00fcn sa\u011flanmas\u0131, \u00e7al\u0131\u015fanlar ile yap\u0131lan i\u015f s\u00f6zle\u015fmesi gere\u011fi i\u015fe devam ve kontrol\u00fcn sa\u011flanmas\u0131, personelin i\u015fe devam s\u00fcre\u00e7lerinin takibi,<\/li><\/ul>\n\n\n\n<p><strong>3.\u0130\u015eLENEN K\u0130\u015e\u0130SEL VER\u0130LER:<\/strong><\/p>\n\n\n\n<ul><li>Kimlik bilgileriniz (\u00c7al\u0131\u015fanlar, \u00e7al\u0131\u015fan adaylar\u0131, stajyerler bak\u0131m\u0131ndan kimlik numaran\u0131z, ad\u0131n\u0131z ve soyad\u0131n\u0131z, do\u011fum yeri ve tarihi, anne ve baba ad\u0131n\u0131z, e\u015f, \u00e7ocuk, aile yak\u0131nl\u0131k bilgileri, medeni haliniz, cinsiyetiniz, payla\u015ft\u0131\u011f\u0131n\u0131z resmi kimlik belgeleriniz \u00fczerinde yer alan kimlik bilgileri)<\/li><li>\u0130leti\u015fim bilgileriniz (\u0130lgili t\u00fcm ki\u015fisel veri sahibi bak\u0131m\u0131ndan; telefon numaralar\u0131n\u0131z, ileti\u015fim adresi, e-posta adresiniz, m\u00fc\u015fteriler, tedarik\u00e7iler bak\u0131m\u0131ndan kay\u0131tl\u0131 elektronik posta (kep) adresi bilgisi)<\/li><li>Lokasyon bilgileriniz (Ara\u00e7 kiralayan ilgili ki\u015fisel veri sahipleri bak\u0131m\u0131ndan; adres, konum bilgileri)<\/li><li>\u00d6zl\u00fck&nbsp;Bilgileri (\u00c7al\u0131\u015fanlar bak\u0131m\u0131ndan, i\u015f s\u00f6zle\u015fmesi, e\u011fitim, diploma bilgileri, sertifika bilgisi, SGK kay\u0131t bilgileri, i\u015fe giri\u015f, \u00e7\u0131k\u0131\u015f bildirgesi, bakmakla y\u00fck\u00fcml\u00fc oldu\u011fu ki\u015filer, e\u015f, \u00e7ocuk yak\u0131nl\u0131k bilgisi, aile bireylerinin kimlik, n\u00fcfus kay\u0131t bilgileri, i\u015fin niteli\u011fine g\u00f6re al\u0131nan zimmet belgesi, \u00e7al\u0131\u015fma belgesi, istifa, fesih, k\u0131dem ve ihbar tazminat\u0131 bordrosu, maa\u015f bordro bilgileri, disiplin soru\u015fturmas\u0131 bilgileri, \u00f6zge\u00e7mi\u015f bilgileri, izin bilgileri, i\u015f kazas\u0131 bilgileri, i\u015f ba\u015fvuru formunda yer alan bilgiler, referans, bilgileri, askerlik durum bilgisi, Banka hesap bilgileri, IBAN numaras\u0131 bilgisi, \u00e7al\u0131\u015fan adaylar\u0131 bak\u0131m\u0131ndan i\u015f ba\u015fvurusu formu \u00fczerinde yaz\u0131l\u0131 \u00f6zl\u00fck bilgileri)<\/li><li>Hukuki \u0130\u015flem&nbsp;Bilgileri (\u015eirket ile hukuki irtibat\u0131 bulunan ilgili ki\u015filer bak\u0131m\u0131ndan; adli makamlarla yap\u0131lan yaz\u0131\u015fmalardaki ki\u015fisel bilgiler, t\u00fcketici hakem heyetleri, arabulucular, t\u00fcketici mahkemeleri, i\u015f mahkemeleri ve sair mahkemelere dair dava ve icra dosya bilgileri, soru\u015fturma bilgisi)<\/li><li>M\u00fc\u015fteri, tedarik\u00e7i\/hizmet sa\u011flay\u0131c\u0131s\u0131 i\u015flem&nbsp;bilgisi (\u0130lgili ki\u015filere ait Ad, Soyad\u0131, T.C. No, vergi numaras\u0131, sigorta poli\u00e7e bilgileri, vergi dairesi, oda sicil bilgileri, yabanc\u0131 kimlik numaras\u0131, pasaport bilgisi, sat\u0131n ald\u0131\u011f\u0131n\u0131z veya satm\u0131\u015f oldu\u011funuz ta\u015f\u0131nmazlara ait tapu kay\u0131t bilgileri, adres, konum, elektronik posta bilgileri, telefon ileti\u015fim bilgileri, banka hesap bilgileri, \u00e7ek, senet, kredi kart\u0131 gibi \u00f6deme bilgileri, finans, fatura, sipari\u015f, talep, vekaletname bilgisi, imza sirk\u00fcleri, pazarlama, i\u015flem g\u00fcvenli\u011fi, hukuki i\u015flem, risk y\u00f6netimi bilgisi, meslek, g\u00f6rev, unvan bilgisi, payla\u015f\u0131lan belgeler \u00fczerinde yer alan g\u00f6rsel foto\u011fraf bilgisi, resmi kimlik belgeleri \u00fczerinde yaz\u0131l\u0131 ki\u015fisel bilgiler, t\u00fczel ki\u015fi yetkilisi ve \u00e7al\u0131\u015fanlar\u0131na ait kimlik, ileti\u015fim, lokasyon, g\u00f6rev, meslek ve unvan bilgileri)<\/li><li>Fiziksel Mekan G\u00fcvenli\u011fi&nbsp;Bilgileri (\u00dcr\u00fcn veya hizmet alan m\u00fc\u015fteriler, potansiyel m\u00fc\u015fteriler, tedarik\u00e7i, hizmet sa\u011flay\u0131c\u0131lar\u0131 ile t\u00fczel ki\u015fi temsilcileri ve \u00e7al\u0131\u015fanlar\u0131, \u015firket ortaklar\u0131, \u015firket \u00e7al\u0131\u015fanlar\u0131, \u00e7al\u0131\u015fan adaylar\u0131, stajyerler, ziyaret\u00e7ilerin ve ilgili \u00fc\u00e7\u00fcnc\u00fc ki\u015filerin giri\u015f \u00e7\u0131k\u0131\u015f kamera kay\u0131t bilgileri, \u015firket \u00e7al\u0131\u015fanlar\u0131n\u0131n \u015firkete ait \u015fantiye ve in\u015faat alanlar\u0131 ile \u015firket ofislerine giri\u015f \u00e7\u0131k\u0131\u015f kay\u0131t bilgileri),<\/li><li>\u0130\u015flem G\u00fcvenli\u011fi Bilgisi (\u0130nternet sitesi kullanan ilgili ki\u015filer bak\u0131m\u0131ndan IP adresi bilgileri, \u0130nternet Sitesi giri\u015f \u00e7\u0131k\u0131\u015f bilgileri, \u015firket temsilcileri ve \u00e7al\u0131\u015fanlar\u0131n kulland\u0131klar\u0131 uygulamalara ait kullan\u0131c\u0131 ad\u0131, \u015fifre ve parola bilgileri)<\/li><li>Risk Y\u00f6netimi (\u00c7al\u0131\u015fanlar, tedarik\u00e7i yetkilisi ve \u00e7al\u0131\u015fanlar\u0131 bak\u0131m\u0131ndan ticari, teknik, idari risklerin y\u00f6netilmesi i\u00e7in i\u015flenen bilgiler)<\/li><li>Finans Bilgileri (M\u00fc\u015fteriler ve tedarik\u00e7iler bak\u0131m\u0131ndan; fatura, vergi kimlik numaras\u0131, vergi dairesi, banka hesap numaras\u0131, \u0131ban numaras\u0131, \u00e7ek, senet, \u00f6deme, s\u00f6zle\u015fme bilgisi, sigorta poli\u00e7e bilgileri, tapu kay\u0131t bilgileri, malvarl\u0131\u011f\u0131 bilgileri, banka hesap bilgileri, cari hesap bilgileri, kamu kurum ve kurulu\u015flar\u0131na bildirilen finans bilgileri, \u00e7al\u0131\u015fanlar, \u015firket hissedarlar\u0131 bak\u0131m\u0131ndan banka hesap bilgileri, \u0131ban numaras\u0131, beyannameler, di\u011fer finans bilgileri),<\/li><li>Mesleki deneyim&nbsp;bilgileri (\u00c7al\u0131\u015fanlar, \u00e7al\u0131\u015fan adaylar bak\u0131m\u0131ndan, \u00f6\u011frenim, meslek kurslar\u0131, i\u015f tecr\u00fcbesi bilgileri, diploma bilgileri, \u00e7al\u0131\u015fma hayat\u0131, referans bilgileri, meslek i\u00e7i e\u011fitim bilgileri, sertifikalar, ehliyet bilgileri, kullan\u0131lan ara\u00e7 yeterlilik bilgileri, bildirilen formlardaki di\u011fer mesleki bilgileri, \u015firket ortaklar\u0131, m\u00fc\u015fteriler, hizmet sa\u011flayan tedarik\u00e7i yetkilisi ve \u00e7al\u0131\u015fanlar\u0131 ile kamu kurum ve kurulu\u015flar\u0131n\u0131n temsilcileri ve personeli bak\u0131m\u0131ndan g\u00f6rev, unvan, meslek bilgisi, sicil, uzmanl\u0131k, e\u011fitim, diploma, sertifika, yeterlilik bilgileri, stajyerlerin staj dosyas\u0131nda yer alan mesleki bilgiler),<\/li><li>G\u00f6rsel ve \u0130\u015fitsel Kay\u0131tlar (\u0130lgili ki\u015fi bak\u0131m\u0131ndan; doldurulan, bas\u0131l\u0131 formlar, diploma, sertifika, payla\u015f\u0131lan evrak ve resmi belgeleriniz \u00fczerinde yer alan foto\u011fraf bilgisi, i\u015fe ba\u015fvuru ve \u015firket faaliyetleri kapsam\u0131nda gerekti\u011finde al\u0131nan foto\u011fraflar, \u015firket internet sayfas\u0131 veya \u00fc\u00e7\u00fcnc\u00fc taraf sosyal medya mecralar\u0131nda \u00e7al\u0131\u015fanlar\u0131n ve m\u00fc\u015fterilerin tan\u0131t\u0131m amac\u0131yla kullan\u0131lan, payla\u015f\u0131lan foto\u011fraf, video kay\u0131tlar\u0131 ve g\u00f6r\u00fcnt\u00fcleri, \u00e7a\u011fr\u0131 hizmetleri kapsam\u0131nda al\u0131nan ses kay\u0131tlar\u0131)<\/li><li>Sa\u011fl\u0131k Bilgileri (\u00c7al\u0131\u015fanlar ve \u00e7al\u0131\u015fan adaylar\u0131 i\u00e7in i\u015f ba\u015fvuru formlar\u0131nda yaz\u0131l\u0131 sa\u011fl\u0131k durum bilgileri, \u00e7al\u0131\u015fanlar i\u00e7in sa\u011fl\u0131k raporlar\u0131, sa\u011fl\u0131k raporu tetkikleri, kan grubu bilgisi, laboratuvar testleri, sa\u011fl\u0131k ve fiziksel engellilik durum bilgileri, sa\u011fl\u0131k kurulu raporlar\u0131, stajyerlerin payla\u015ft\u0131\u011f\u0131 kan grubu, sa\u011fl\u0131k durum bilgileri)<\/li><li>Ceza Mahk\u00fbmiyeti ve G\u00fcvenlik Tedbirlerine dair bilgiler (\u00c7al\u0131\u015fanlar i\u00e7in adli sicil kayd\u0131, \u00e7al\u0131\u015fanlar ve \u00e7al\u0131\u015fan adaylar\u0131, hissedar\/ortaklar\u0131n adli durum bilgileri),<\/li><li>\u0130nternet sitesi veya \u00e7a\u011fr\u0131 hizmetleri \u00fczerinden iletilen \u015fikayet veya talepler ile buna ili\u015fkin de\u011ferlendirme ve y\u00f6netim s\u00fcrecinde yap\u0131lan i\u015flemlere ili\u015fkin bilgiler,<\/li><li>Kurumsal ileti\u015fim hizmetleri, sosyal medya hesaplar\u0131m\u0131z vas\u0131tas\u0131yla payla\u015f\u0131lan, elde edilen bilgiler, elektronik posta, mektup veya sair ileti\u015fim ara\u00e7lar\u0131 ile elde edilen ki\u015fisel bilgileriniz.<\/li><li>\u00dcr\u00fcn veya hizmetlerimizin tan\u0131t\u0131lmas\u0131, al\u0131m-sat\u0131m i\u015flemlerine arac\u0131l\u0131k eden anla\u015fmal\u0131 oldu\u011fumuz \u00fc\u00e7\u00fcnc\u00fc taraf internet sitelerini (sahibinden.com gibi) ve di\u011fer platformlar\u0131 ziyaret etmeniz, bu internet siteleri ve platformlar\u0131n uygulamalar\u0131 kullan\u0131ld\u0131\u011f\u0131nda i\u015flenen ki\u015fisel verileriniz.<\/li><\/ul>\n\n\n\n<p><strong>4.\u0130\u015eLENEN K\u0130\u015e\u0130SEL VER\u0130LER\u0130N K\u0130MLERE VE HANG\u0130 AMA\u00c7LA AKTARILAB\u0130LECE\u011e\u0130:<\/strong><\/p>\n\n\n\n<p>Bu ayd\u0131nlatma metni kapsam\u0131nda, belirtilen ki\u015fisel verileriniz; 2 inci maddede belirtilen ama\u00e7larla s\u0131n\u0131rl\u0131 olmak \u00fczere; ilgili birim \u00e7al\u0131\u015fanlar\u0131m\u0131za, \u015firket ortaklar\u0131\/hissedarlar\u0131m\u0131za, yurt i\u00e7inde bulunan i\u015f\/\u00e7\u00f6z\u00fcm ortaklar\u0131m\u0131za, hizmet verdi\u011fimiz m\u00fc\u015fterilerimize, tedarik\u00e7ilerimize, hizmet sa\u011flay\u0131c\u0131lar\u0131m\u0131za, \u015firket temsilcilerine, ger\u00e7ek ve \u00f6zel hukuk t\u00fczel ki\u015filerine, yetkili kamu kurum ve kurulu\u015flar\u0131na Kanunun 8. maddesinde belirtilen ki\u015fisel veri i\u015fleme \u015fartlar\u0131 ve belirtilen ama\u00e7larla s\u0131n\u0131rl\u0131 olarak aktar\u0131labilecektir.<\/p>\n\n\n\n<p><strong>5.K\u0130\u015e\u0130SEL VER\u0130 TOPLAMANIN Y\u00d6NTEM\u0130 VE HUKUK\u0130 SEBEPLER\u0130:<\/strong><\/p>\n\n\n\n<p>Ki\u015fisel verileriniz; do\u011frudan ilgili ki\u015fiden s\u00f6zl\u00fc al\u0131narak, yaz\u0131l\u0131 ya da elektronik ortamlarda bulunan formlar\u0131n\u0131n doldurulmas\u0131, \u00e7al\u0131\u015fanlar i\u00e7in \u00f6zl\u00fck dosyalar\u0131n\u0131n olu\u015fturulmas\u0131, s\u00f6zle\u015fmelerin kurulmas\u0131, ifas\u0131, mali ve sosyal haklara ili\u015fkin finans, muhasebe bilgilerinin i\u015flenmesi, sat\u0131n alma, sat\u0131\u015f ve pazarlama, planlama, kalite ve kurumsal geli\u015fimin faaliyetleri s\u0131ras\u0131nda verilerin i\u015flenmesi, \u015firket in\u015faat alanlar\u0131, \u015fantiyeleri, bina ve eklentilerinin, sat\u0131\u015f ofislerinin, \u00f6rnek dairenin ziyaret edilmesi, \u00e7a\u011fr\u0131 hizmetlerimizin aranmas\u0131, sosyal medya hesaplar\u0131m\u0131z, internet sitemizi, \u00fcr\u00fcn veya hizmetlerimizin al\u0131m-sat\u0131m i\u015flemlerine arac\u0131l\u0131k eden anla\u015fmal\u0131 oldu\u011fumuz \u00fc\u00e7\u00fcnc\u00fc taraf internet sitelerini ( sahibinden.com gibi) ve di\u011fer platformlar\u0131 ziyaret etmeniz, bu internet siteleri ve platformlar\u0131n uygulamalar\u0131n\u0131 kullanman\u0131z, e-posta, telefon ileti\u015fim kanallar\u0131 vas\u0131tas\u0131yla tamamen veya k\u0131smen otomatik olan ya da herhangi bir veri kay\u0131t sisteminin par\u00e7as\u0131 olmak kayd\u0131yla otomatik olmayan yollarla toplanmaktad\u0131r. &nbsp;<\/p>\n\n\n\n<p>Ki\u015fisel verileriniz, kural olarak ilgili ki\u015finin a\u00e7\u0131k r\u0131zas\u0131na dayal\u0131 olarak i\u015flenmektedir. Ayr\u0131ca, \u015firketimiz ile \u00fc\u00e7\u00fcnc\u00fc ger\u00e7ek ve t\u00fczel ki\u015filer aras\u0131ndaki s\u00f6zle\u015fmelerin kurulmas\u0131 veya ifas\u0131yla do\u011frudan do\u011fruya ilgili olmas\u0131 kayd\u0131yla, s\u00f6zle\u015fmenin taraflar\u0131na ait ki\u015fisel verilerin i\u015flenmesinin gerekli olmas\u0131, \u015firketin hukuki y\u00fck\u00fcml\u00fcl\u00fc\u011f\u00fcn\u00fc yerine getirebilmesi i\u00e7in zorunlu olmas\u0131, ki\u015fisel verinin, ilgili ki\u015finin kendisi taraf\u0131ndan alenile\u015ftirilmi\u015f olmas\u0131, bir hakk\u0131n tesisi, kullan\u0131lmas\u0131 veya korunmas\u0131 i\u00e7in veri i\u015flemenin zorunlu olmas\u0131, ilgili ki\u015finin temel hak ve \u00f6zg\u00fcrl\u00fcklerine zarar vermemek kayd\u0131yla, veri sorumlusunun me\u015fru menfaatleri i\u00e7in veri i\u015flenmesinin zorunlu olmas\u0131, kanunlarda a\u00e7\u0131k\u00e7a \u00f6ng\u00f6r\u00fclmesi, \u00e7al\u0131\u015fanlar\u0131n sa\u011fl\u0131k verileri bak\u0131m\u0131ndan kamu sa\u011fl\u0131\u011f\u0131n\u0131n korunmas\u0131, koruyucu hekimlik, t\u0131bb\u00ee te\u015fhis, tedavi ve bak\u0131m hizmetlerinin y\u00fcr\u00fct\u00fclmesi amac\u0131yla s\u0131r saklama y\u00fck\u00fcml\u00fcl\u00fc\u011f\u00fc alt\u0131nda bulunan i\u015fyeri hekimi veya yetkili kurum ve kurulu\u015flar taraf\u0131ndan ilgilinin a\u00e7\u0131k r\u0131zas\u0131 aranmaks\u0131z\u0131n, belirtilen hukuki sebeplere dayal\u0131 olarak Kanunun 5. ve 6. Maddeleri gere\u011fi i\u015flenmekte, toplanmaktad\u0131r.<\/p>\n\n\n\n<p><strong>6.K\u0130\u015e\u0130SEL VER\u0130 SAH\u0130B\u0130N\u0130N HAKLARI (BA\u015eVURU HAKKI):<\/strong><\/p>\n\n\n\n<p><a>6698 Say\u0131l\u0131 Ki\u015fisel Verileri Koruma Kanununun \u201cilgili ki\u015finin haklar\u0131n\u0131 d\u00fczenleyen\u201d 11 inci maddesi kapsam\u0131ndaki taleplerinizi; Veri Sorumlusuna Ba\u015fvuru Usul ve Esaslar\u0131 Hakk\u0131nda Tebli\u011f h\u00fck\u00fcmlerine g\u00f6re, veri sorumlusu olarak<\/a> Sait Zorlu \u0130n\u015faat Otomotiv Tekstil D\u0131\u015f Ticaret Sanayi Limited \u015eirketi (\u201cSait Zorlu \u0130n\u015faat\u201d), Adres: Odunluk Mah. Akp\u0131nar Cad. Zorlu \u0130\u015f Merkezi No:13 B \/A Nil\u00fcfer Bursa adresine bizzat, internet sitemizde bulunan BA\u015eVURU FORMUNU doldurarak yaz\u0131l\u0131 olarak veya <a href=\"mailto:info@saitzorlu.com.tr\">info@saitzorlu.com.tr<\/a> adresine e-posta g\u00f6ndererek veya noter vas\u0131tas\u0131yla iletebilirsiniz.<\/p>\n","protected":false},"excerpt":{"rendered":"<p>6698 SAYILI K\u0130\u015e\u0130SEL VER\u0130LER\u0130N KORUNMASI KANUNU (KVKK) B\u0130LG\u0130LEND\u0130RME VE AYDINLATMA METN\u0130 \u201cSA\u0130T ZORLU \u0130N\u015eAAT\u201d olarak; 6698 say\u0131l\u0131 Ki\u015fisel Verilerin Korunmas\u0131 Kanunu\u2019na (\u201cKanun\u201d) ve ilgili mevzuata uygun<span class=\"excerpt-hellip\"> [\u2026]<\/span><\/p>\n","protected":false},"author":1,"featured_media":0,"parent":0,"menu_order":0,"comment_status":"closed","ping_status":"closed","template":"","meta":[],"_links":{"self":[{"href":"https:\/\/saitzorlu.com.tr\/yeni\/wp-json\/wp\/v2\/pages\/498"}],"collection":[{"href":"https:\/\/saitzorlu.com.tr\/yeni\/wp-json\/wp\/v2\/pages"}],"about":[{"href":"https:\/\/saitzorlu.com.tr\/yeni\/wp-json\/wp\/v2\/types\/page"}],"author":[{"embeddable":true,"href":"https:\/\/saitzorlu.com.tr\/yeni\/wp-json\/wp\/v2\/users\/1"}],"replies":[{"embeddable":true,"href":"https:\/\/saitzorlu.com.tr\/yeni\/wp-json\/wp\/v2\/comments?post=498"}],"version-history":[{"count":3,"href":"https:\/\/saitzorlu.com.tr\/yeni\/wp-json\/wp\/v2\/pages\/498\/revisions"}],"predecessor-version":[{"id":537,"href":"https:\/\/saitzorlu.com.tr\/yeni\/wp-json\/wp\/v2\/pages\/498\/revisions\/537"}],"wp:attachment":[{"href":"https:\/\/saitzorlu.com.tr\/yeni\/wp-json\/wp\/v2\/media?parent=498"}],"curies":[{"name":"wp","href":"https:\/\/api.w.org\/{rel}","templated":true}]}}