{"id":500,"date":"2022-07-14T15:59:07","date_gmt":"2022-07-14T12:59:07","guid":{"rendered":"https:\/\/saitzorlu.com.tr\/yeni\/?page_id=500"},"modified":"2022-07-16T18:04:21","modified_gmt":"2022-07-16T15:04:21","slug":"gizlilik-politikasi-2","status":"publish","type":"page","link":"https:\/\/saitzorlu.com.tr\/yeni\/gizlilik-politikasi-2\/","title":{"rendered":"Gizlilik Politikas\u0131"},"content":{"rendered":"\n<p>6698 say\u0131l\u0131 Ki\u015fisel Verilerin Korunmas\u0131 Kanunu (\u201cKanun\u201d) uyar\u0131nca, i\u015fbu \u00c7erez Politikas\u0131 (\u201cPolitika\u201d) veri sorumlusu s\u0131fat\u0131yla Sait Zorlu \u0130n\u015faat Otomotiv Tekstil D\u0131\u015f Ticaret Sanayi Limited \u015eirketi (\u201cSait Zorlu \u0130n\u015faat\u201d)a taraf\u0131ndan haz\u0131rlanm\u0131\u015ft\u0131r. <strong><\/strong><\/p>\n\n\n\n<p>\u015eirketimiz resmi internet web sitesi olan <a href=\"http:\/\/www.saitzorlu.com.tr\/\">www.saitzorlu.com.tr<\/a> (\u201c\u0130nternet Sitesi\u201d) adresi \u00fczerinden eri\u015filen ve kullan\u0131lan uygulamalar, platformlar ve i\u00e7eriklerin; ziyaret\u00e7iler ve ilgili \u00fc\u00e7\u00fcnc\u00fc ki\u015filer (\u201cKullan\u0131c\u0131\u201d) taraf\u0131ndan kullan\u0131m\u0131 esnas\u0131nda i\u015flenen veya payla\u015f\u0131lan ki\u015fisel verilerinizin \u015eirketimiz taraf\u0131ndan i\u015flenmesine, kaydedilmesine ve aktar\u0131lmas\u0131na ili\u015fkin usul ve esaslar\u0131 belirlemek, internet sitesinin ve kullan\u0131lan uygulamalar\u0131n, platformlar\u0131n gizlilik \u015fartlar\u0131n\u0131n belirlenmesi amac\u0131yla, sizleri bilgilendiriyoruz.&nbsp;<\/p>\n\n\n\n<p>Ki\u015fisel verileriniz, 6698 Say\u0131l\u0131 Ki\u015fisel Verilerin Korunmas\u0131 Kanunu ve ilgili mevzuat gere\u011fince gizlilik esaslar\u0131na riayet edilerek, idari ve teknik tedbirler al\u0131narak i\u015flenmektedir.<\/p>\n\n\n\n<p><strong>G\u0130ZL\u0130L\u0130K ESASLARI\/\u015eARTLARI:<\/strong><\/p>\n\n\n\n<p><br><strong>1.<\/strong>\u201dSait Zorlu \u0130n\u015faat\u201d taraf\u0131ndan veri sorumlusu s\u0131fat\u0131yla i\u015fletilen <a href=\"http:\/\/www.saitzorlu.com.tr\/\">www.saitzorlu.com.tr<\/a> (\u201c\u0130nternet Sitesi\u201d) web sayfalar\u0131n\u0131n herhangi bir \u015fekilde kullanan veya siteyi ziyaret eden ki\u015filere (\u201cKullan\u0131c\u0131\u201d) daha iyi hizmet sunmak, internet sayfas\u0131 i\u00e7eriklerini ve internet sayfas\u0131 \u00fczerinden sunulan uygulamalar ve platformlar\u0131 kullanman\u0131z\u0131 sa\u011flamak, ilgili ki\u015filer ile ileti\u015fimin sa\u011flanmas\u0131, gerekli tan\u0131t\u0131m ve bilgilendirmenin yap\u0131lmas\u0131n\u0131 sa\u011flamak amac\u0131yla baz\u0131 ki\u015fisel bilgiler (Kimlik Bilgileri, \u0130leti\u015fim Bilgileri, Adres ve Konum Bilgileri, \u0130\u015flem G\u00fcvenli\u011fi Bilgisi, Talep ve \u015eikayet Bilgisi) i\u015flenmektedir. \u0130nternet Sitesi vas\u0131tas\u0131yla toplanan ki\u015fisel veriler, \u00f6zel hayat\u0131n gizlili\u011fi ilkesi do\u011frultusunda \u015eirketimiz taraf\u0131ndan i\u015flenmekte, kullan\u0131lmakta ve saklanmaktad\u0131r.<\/p>\n\n\n\n<p><strong>2.<\/strong>\u015eirketimiz internet sitesinde bulunan; ileti\u015fim formlar\u0131 ve di\u011fer elektronik ortamdaki formlar ile bildirilen ve kullan\u0131lan platformlar vas\u0131tas\u0131yla i\u015flenen ki\u015fisel veriler, olu\u015fturulan politikalar, ayd\u0131nlatma metinlerinde belirtilen haller d\u0131\u015f\u0131nda, kullan\u0131c\u0131lar\u0131n bilgisi veya r\u0131zas\u0131 d\u0131\u015f\u0131nda \u00fc\u00e7\u00fcnc\u00fc ki\u015filerle payla\u015f\u0131lmamaktad\u0131r. \u0130\u015flenen ki\u015fisel veriler, \u015eirketimizin faaliyetleri d\u0131\u015f\u0131nda ba\u015fka bir ama\u00e7la kullanmamaktad\u0131r.<\/p>\n\n\n\n<p><strong>3.<\/strong>\u015eirketimiz internet sitesinde, zararl\u0131 yay\u0131nlar\u0131n, istenmeyen reklamlar\u0131n engellenmesine y\u00f6nelik \u00e7erezleri \u00fc\u00e7\u00fcnc\u00fc taraf sa\u011flay\u0131c\u0131larca (internet arama motorlar\u0131) birinci taraf \u00e7erezler ile \u00fc\u00e7\u00fcnc\u00fc taraf \u00e7erezleri birlikte kullan\u0131lmaktad\u0131r. \u0130nternet sayfas\u0131nda yay\u0131mlanm\u0131\u015f olan \u00c7erez Politikas\u0131n\u0131 inceleyebilirsiniz.<\/p>\n\n\n\n<p><strong>4.<\/strong>\u0130\u015flenen ve depolanan ki\u015fisel veriler,ki\u015finin a\u00e7\u0131k r\u0131zas\u0131n\u0131n arand\u0131\u011f\u0131 hallerde ki\u015finin r\u0131zas\u0131 al\u0131narak, ancak ilgili kamu kurum ve kurulu\u015flar ile resmi makamlarca talep edilmesi halinde ve y\u00fcr\u00fcrl\u00fckteki emredici mevzuat h\u00fck\u00fcmlerine uygun olarak, yetkili resmi kurum ve kurulu\u015flara bildirilecektir.<\/p>\n\n\n\n<p><strong>5.<\/strong>Ki\u015fisel veri sahibi olan kullan\u0131c\u0131, bu politika kapsam\u0131nda ve internet sitemizde ilan edilen politikalar uyar\u0131nca, i\u015fbu gizlilik \u015fartlar\u0131n\u0131\/maddelerini onaylayarak, bildirmi\u015f oldu\u011fu bilgilerin kendisine ait oldu\u011funu, kendisi taraf\u0131ndan dolduruldu\u011funu ve bu bilgilerin, ba\u015fvuru s\u00fcre\u00e7lerinin, ileti\u015fimin sa\u011flanmas\u0131 amac\u0131yla olu\u015fturulan politikalarda belirtilen ama\u00e7la s\u0131n\u0131rl\u0131 olmak \u00fczere ilgili ki\u015filerle payla\u015f\u0131labilece\u011fine onay vermektedir.<\/p>\n\n\n\n<p><strong>6.<\/strong>\u0130nternet sitesi kullan\u0131c\u0131s\u0131, \u015eirketimiz internet web sitesini kullanmay\u0131 kabul etmesi halinde, i\u015fbu \u201cPolitikada\u201d yaz\u0131l\u0131 t\u00fcm \u015fartlar\u0131 okudu\u011funu, ki\u015fisel verilerinin i\u015flenmesi hakk\u0131nda bilgilendirildi\u011fini, ki\u015fisel verilerinin belirlenen kapsam ve ama\u00e7lar \u00e7er\u00e7evesinde i\u015flenmesini kabul etmi\u015f say\u0131lacakt\u0131r.<\/p>\n\n\n\n<p><strong>7<\/strong>.\u015eirketimiz; mevzuatta yap\u0131lacak de\u011fi\u015fiklikler, Ki\u015fisel Verileri Koruma Kurulunun alaca\u011f\u0131 kararlar ve olu\u015facak yeni \u015fartlara g\u00f6re, \u201cGizlilik Politikas\u0131\u201d h\u00fck\u00fcmlerini \u00f6nceden haber vermeksizin de\u011fi\u015ftirme hakk\u0131n\u0131 sakl\u0131 tutmaktad\u0131r. Ki\u015fisel verileriniz ile ilgili olarak haz\u0131rlam\u0131\u015f oldu\u011fumuz \u201c<a href=\"https:\/\/saitzorlu.com.tr\/yeni\/wp-content\/uploads\/2022\/07\/KVKK-Basvuru-Formu.pdf\" data-type=\"attachment\" data-id=\"525\">Ba\u015fvuru Formunu<\/a>\u201d doldurarak taleplerinizi iletebilirsiniz.<\/p>\n\n\n\n<p><strong>8.<\/strong>\u0130nternet sitesini kullan\u0131rken di\u011fer sitelere ve sosyal medya sitelerine ba\u011flant\u0131 linkleri ile ba\u011flanman\u0131z m\u00fcmk\u00fcnd\u00fcr. \u015eirketimiz internet sitesine ya da \u00fc\u00e7\u00fcnc\u00fc taraf internet sitelerine gitmenizi sa\u011flayan ba\u011flant\u0131lara t\u0131klad\u0131\u011f\u0131n\u0131zda, s\u00f6z konusu sitelerin ki\u015fisel veri gizlilik politikalar\u0131 oldu\u011funu unutmay\u0131n\u0131z. \u0130lgili siteleri kullan\u0131rken s\u00f6z konusu sitelerin gizlilik politikalar\u0131n\u0131 l\u00fctfen inceleyiniz. \u015eirketimiz internet sitesinden y\u00f6nlendirilen \u00fc\u00e7\u00fcnc\u00fc taraf sitelerinin i\u00e7eriklerinden ve politikalar\u0131ndan \u015eirketimiz sorumlu de\u011fildir. \u015eirketimizin bu internet siteleri \u00fczerinde herhangi bir kontrol\u00fc veya bunlarla ilgili bir sorumlulu\u011fu yoktur.<\/p>\n\n\n\n<p><strong>9.<\/strong>Ki\u015fisel verilerin internet \u00fczerinden, \u201cy\u00fczde y\u00fcz g\u00fcvenli bir \u015fekilde korunmas\u0131n\u0131n m\u00fcmk\u00fcn olmad\u0131\u011f\u0131\u201d hususu bili\u015fim uzmanlar\u0131 ve bu konudaki ulusal ve uluslararas\u0131 otoriteler taraf\u0131ndan bilinen ve ilan edilen bir olgudur. Ki\u015fisel verilerinizi korumak i\u00e7in \u015eirketimiz gerekli idari ve teknik t\u00fcm tedbirleri alm\u0131\u015ft\u0131r. Ancak t\u00fcm \u00f6nlemleri alm\u0131\u015f olsak dahi, internet sitemiz arac\u0131l\u0131\u011f\u0131yla g\u00f6nderilen ki\u015fisel verilerinizin g\u00fcvenli\u011finin tam olarak garanti edilmesi teknik olarak m\u00fcmk\u00fcn de\u011fildir.&nbsp;<\/p>\n\n\n\n<p><strong>10.<\/strong>\u015eirketimiz, ki\u015fisel verilerinizin mevzuata uygun olarak, i\u015flenmesi, korunmas\u0131, saklama ve imha s\u00fcre\u00e7lerini y\u00fcr\u00fctece\u011fi hususunda gerekli politikalar\u0131 belirlemi\u015ftir. \u015eirketimiz, ki\u015fisel verilerin if\u015fa edilmeyece\u011fi, gizlilik ilkesine riayet ederek, politikalarda belirtilen haller d\u0131\u015f\u0131nda ki\u015fisel verileri \u00fc\u00e7\u00fcnc\u00fc ki\u015filerle payla\u015fmayaca\u011f\u0131n\u0131 ilan etmektedir. Ki\u015fisel verilere ili\u015fkin gizlilik y\u00fck\u00fcml\u00fcl\u00fc\u011f\u00fcn\u00fcn \u015eirketimiz ile \u00e7al\u0131\u015fanlar\u0131 aras\u0131ndaki i\u015f akdinin sona ermesinden sonra dahi devam edece\u011fi \u015firket \u00e7al\u0131\u015fanlar\u0131na bildirilmi\u015ftir.<\/p>\n\n\n\n<p>Gizlilik Politikas\u0131 ile ba\u011flant\u0131l\u0131 olarak belirlenen ve internet sayfas\u0131nda yay\u0131mlanan <a href=\"https:\/\/saitzorlu.com.tr\/yeni\/aydinlatma-metni\/\" data-type=\"page\" data-id=\"498\">KVKK Politikam\u0131z\u0131<\/a> ve <a href=\"https:\/\/saitzorlu.com.tr\/yeni\/cerez-politikasi\/\" data-type=\"page\" data-id=\"502\">\u00c7erez Politikas\u0131n\u0131<\/a> inceleyerek, taleplerinizi veri sorumlusu olarak \u015eirketimize iletebilirsiniz.<\/p>\n\n\n\n<p><strong>SA\u0130T ZORLU \u0130N\u015eAAT OTOMOT\u0130V TEKST\u0130L DI\u015e T\u0130CARET SANAY\u0130 L\u0130M\u0130TED \u015e\u0130RKET\u0130 <\/strong><strong><\/strong><\/p>\n\n\n\n<p>Adres: Odunluk Mah. Akp\u0131nar Cad. Zorlu \u0130\u015f Merkezi No:13 B \/A Nil\u00fcfer \u2013 Bursa<\/p>\n\n\n\n<p>Tel &amp; Fax: 444 7 506 \u2013 0549 453 33 10 &#8211; 0224453 33 10<\/p>\n\n\n\n<p>E-Posta: <a href=\"mailto:info@saitzorlu.com.tr\">info@saitzorlu.com.tr<\/a><\/p>\n","protected":false},"excerpt":{"rendered":"<p>6698 say\u0131l\u0131 Ki\u015fisel Verilerin Korunmas\u0131 Kanunu (\u201cKanun\u201d) uyar\u0131nca, i\u015fbu \u00c7erez Politikas\u0131 (\u201cPolitika\u201d) veri sorumlusu s\u0131fat\u0131yla Sait Zorlu \u0130n\u015faat Otomotiv Tekstil D\u0131\u015f Ticaret Sanayi Limited \u015eirketi (\u201cSait<span class=\"excerpt-hellip\"> [\u2026]<\/span><\/p>\n","protected":false},"author":1,"featured_media":0,"parent":0,"menu_order":0,"comment_status":"closed","ping_status":"closed","template":"","meta":[],"_links":{"self":[{"href":"https:\/\/saitzorlu.com.tr\/yeni\/wp-json\/wp\/v2\/pages\/500"}],"collection":[{"href":"https:\/\/saitzorlu.com.tr\/yeni\/wp-json\/wp\/v2\/pages"}],"about":[{"href":"https:\/\/saitzorlu.com.tr\/yeni\/wp-json\/wp\/v2\/types\/page"}],"author":[{"embeddable":true,"href":"https:\/\/saitzorlu.com.tr\/yeni\/wp-json\/wp\/v2\/users\/1"}],"replies":[{"embeddable":true,"href":"https:\/\/saitzorlu.com.tr\/yeni\/wp-json\/wp\/v2\/comments?post=500"}],"version-history":[{"count":2,"href":"https:\/\/saitzorlu.com.tr\/yeni\/wp-json\/wp\/v2\/pages\/500\/revisions"}],"predecessor-version":[{"id":529,"href":"https:\/\/saitzorlu.com.tr\/yeni\/wp-json\/wp\/v2\/pages\/500\/revisions\/529"}],"wp:attachment":[{"href":"https:\/\/saitzorlu.com.tr\/yeni\/wp-json\/wp\/v2\/media?parent=500"}],"curies":[{"name":"wp","href":"https:\/\/api.w.org\/{rel}","templated":true}]}}