{"id":538,"date":"2022-07-16T19:36:30","date_gmt":"2022-07-16T16:36:30","guid":{"rendered":"https:\/\/saitzorlu.com.tr\/yeni\/?page_id=538"},"modified":"2022-07-16T19:38:26","modified_gmt":"2022-07-16T16:38:26","slug":"iletisim-formu-bilgilendirme-ve-aydinlatma-metni","status":"publish","type":"page","link":"https:\/\/saitzorlu.com.tr\/yeni\/iletisim-formu-bilgilendirme-ve-aydinlatma-metni\/","title":{"rendered":"\u0130leti\u015fim Formu Bilgilendirme Ve Ayd\u0131nlatma\u00a0Metni"},"content":{"rendered":"\n<p><strong>6698 SAYILI K\u0130\u015e\u0130SEL VER\u0130LER\u0130N KORUNMASI KANUNU (KVKK)<\/strong><\/p>\n\n\n\n<p><strong>\u0130LET\u0130\u015e\u0130M FORMU B\u0130LG\u0130LEND\u0130RME VE AYDINLATMA\u00a0METN\u0130<\/strong><\/p>\n\n\n\n<p><strong>1.VER\u0130 SORUMLUSU:<\/strong><\/p>\n\n\n\n<p>\u0130nternet sitemizi ziyaret eden ilgili ki\u015filerin, ileti\u015fim formunu doldurmalar\u0131 ve internet sitesinde bulunan ileti\u015fim kanallar\u0131 kullanman\u0131z halinde, 6698 say\u0131l\u0131 Ki\u015fisel Verilerin Korunmas\u0131 Kanunu (\u201cKVKK\u201d) uyar\u0131nca, Sait Zorlu \u0130n\u015faat Otomotiv Tekstil D\u0131\u015f Ticaret Sanayi Limited \u015eirketi (\u201cSait Zorlu \u0130n\u015faat\u201d)&nbsp;taraf\u0131ndan, Kanununun 3. maddesinde tan\u0131mlanan \u201cVeri Sorumlusu\u201d s\u0131fat\u0131yla baz\u0131 ki\u015fisel verileriniz i\u015flenmektedir.<\/p>\n\n\n\n<p><strong>2.K\u0130\u015e\u0130SEL VER\u0130LER\u0130N HANG\u0130 AMA\u00c7LA \u0130\u015eLENECE\u011e\u0130:<\/strong><\/p>\n\n\n\n<p>Ki\u015fisel verileriniz;&nbsp;\u015firket faaliyetleri kapsam\u0131nda ileti\u015fimin sa\u011flanmas\u0131, ileti\u015fim faaliyetlerinin y\u00fcr\u00fct\u00fclmesi, talep, \u015fik\u00e2yet ve \u00f6nerilerin al\u0131nmas\u0131, takibi ama\u00e7lar\u0131yla s\u0131n\u0131rl\u0131 olarak \u015firketimiz taraf\u0131ndan i\u015flenmektedir.<\/p>\n\n\n\n<p><strong>3.\u0130\u015eLENEN K\u0130\u015e\u0130SEL VER\u0130LER:<\/strong><\/p>\n\n\n\n<p>\u0130nternet sitesinde bulunan \u201c\u0130leti\u015fim Formu\u201d ba\u015fl\u0131kl\u0131 formu doldurman\u0131z ve internet sitesinde bulunan ileti\u015fim kanallar\u0131n\u0131 kullanman\u0131z halinde, Kimlik Bilgisi (Ad\u0131n\u0131z\/Soyad\u0131n\u0131z), \u0130leti\u015fim Bilgisi (Elektronik Posta Adresi, Telefon), \u0130\u015flem G\u00fcvenli\u011fi Bilgisi (\u0130nternet sitesi giri\u015f \u00e7\u0131k\u0131\u015f kay\u0131tlar\u0131, \u0131p bilgisi), Pazarlama Bilgisi (\u00c7erez kay\u0131tlar\u0131), mesaj i\u00e7erik bilgisi, payla\u015ft\u0131\u011f\u0131n\u0131z di\u011fer ki\u015fisel verileriniz i\u015flenmekte, depolanmakta, saklanmaktad\u0131r.<\/p>\n\n\n\n<p><strong>4.\u0130\u015eLENEN K\u0130\u015e\u0130SEL VER\u0130LER\u0130N\u0130Z\u0130N K\u0130MLERE VE HANG\u0130 AMA\u00c7LARLA\u00a0AKTARILAB\u0130LECE\u011e\u0130:<\/strong><\/p>\n\n\n\n<p>Bu ayd\u0131nlatma metni kapsam\u0131nda, belirtilen ki\u015fisel verileriniz; 2.maddede belirtilen ama\u00e7larla s\u0131n\u0131rl\u0131 olmak \u00fczere; ortaklar\u0131m\u0131za\/hissedarlar\u0131m\u0131za, i\u015f ortaklar\u0131m\u0131za, bilgi i\u015flem veri taban\u0131na, hizmet sa\u011flay\u0131c\u0131lar\u0131m\u0131za, gerekti\u011finde avukatlar\u0131m\u0131za, dan\u0131\u015fmanlar\u0131m\u0131za, yetkili kamu kurum ve kurulu\u015flara Kanunun 8. maddesinde belirtilen ki\u015fisel veri i\u015fleme \u015fartlar\u0131 ve belirtilen ama\u00e7larla s\u0131n\u0131rl\u0131 olarak aktar\u0131labilecektir.<\/p>\n\n\n\n<p><strong>5.K\u0130\u015e\u0130SEL VER\u0130 TOPLAMANIN Y\u00d6NTEM\u0130 VE HUKUK\u0130 SEBEPLER\u0130:<\/strong><\/p>\n\n\n\n<p>Ki\u015fisel verileriniz, Kanunun 5\/2-f. maddesinde belirtilen \u201c\u0130lgili ki\u015finin temel hak ve \u00f6zg\u00fcrl\u00fcklerine zarar vermemek kayd\u0131yla, veri sorumlusunun me\u015fru menfaatleri i\u00e7in veri i\u015flenmesinin zorunlu olmas\u0131\u201d hukuki sebebine dayan\u0131larak, \u015eirket internet sitesinde, elektronik ortamda otomatik olarak i\u015flenmektedir.<\/p>\n\n\n\n<p><strong>6.K\u0130\u015e\u0130SEL VER\u0130 SAH\u0130B\u0130N\u0130N HAKLARI ( BA\u015eVURU HAKKI ):<\/strong><\/p>\n\n\n\n<p><a>6698 Say\u0131l\u0131 Ki\u015fisel Verileri Koruma Kanununun \u201cilgili ki\u015finin haklar\u0131n\u0131 d\u00fczenleyen\u201d 11 inci maddesi kapsam\u0131ndaki taleplerinizi; Veri Sorumlusuna Ba\u015fvuru Usul ve Esaslar\u0131 Hakk\u0131nda Tebli\u011f h\u00fck\u00fcmlerine g\u00f6re, veri sorumlusu olarak<\/a> Sait Zorlu \u0130n\u015faat Otomotiv Tekstil D\u0131\u015f Ticaret Sanayi Limited \u015eirketi (\u201cSait Zorlu \u0130n\u015faat\u201d), Adres: Odunluk Mah. Akp\u0131nar Cad. Zorlu \u0130\u015f Merkezi No:13 B \/A Nil\u00fcfer Bursa adresine bizzat, internet sitemizde bulunan BA\u015eVURU FORMUNU doldurarak yaz\u0131l\u0131 olarak veya <a href=\"mailto:info@saitzorlu.com.tr\">info@saitzorlu.com.tr<\/a> adresine e-posta g\u00f6ndererek veya noter vas\u0131tas\u0131yla iletebilirsiniz.<\/p>\n","protected":false},"excerpt":{"rendered":"<p>6698 SAYILI K\u0130\u015e\u0130SEL VER\u0130LER\u0130N KORUNMASI KANUNU (KVKK) \u0130LET\u0130\u015e\u0130M FORMU B\u0130LG\u0130LEND\u0130RME VE AYDINLATMA\u00a0METN\u0130 1.VER\u0130 SORUMLUSU: \u0130nternet sitemizi ziyaret eden ilgili ki\u015filerin, ileti\u015fim formunu doldurmalar\u0131 ve internet sitesinde<span class=\"excerpt-hellip\"> [\u2026]<\/span><\/p>\n","protected":false},"author":1,"featured_media":0,"parent":0,"menu_order":0,"comment_status":"closed","ping_status":"closed","template":"","meta":[],"_links":{"self":[{"href":"https:\/\/saitzorlu.com.tr\/yeni\/wp-json\/wp\/v2\/pages\/538"}],"collection":[{"href":"https:\/\/saitzorlu.com.tr\/yeni\/wp-json\/wp\/v2\/pages"}],"about":[{"href":"https:\/\/saitzorlu.com.tr\/yeni\/wp-json\/wp\/v2\/types\/page"}],"author":[{"embeddable":true,"href":"https:\/\/saitzorlu.com.tr\/yeni\/wp-json\/wp\/v2\/users\/1"}],"replies":[{"embeddable":true,"href":"https:\/\/saitzorlu.com.tr\/yeni\/wp-json\/wp\/v2\/comments?post=538"}],"version-history":[{"count":2,"href":"https:\/\/saitzorlu.com.tr\/yeni\/wp-json\/wp\/v2\/pages\/538\/revisions"}],"predecessor-version":[{"id":540,"href":"https:\/\/saitzorlu.com.tr\/yeni\/wp-json\/wp\/v2\/pages\/538\/revisions\/540"}],"wp:attachment":[{"href":"https:\/\/saitzorlu.com.tr\/yeni\/wp-json\/wp\/v2\/media?parent=538"}],"curies":[{"name":"wp","href":"https:\/\/api.w.org\/{rel}","templated":true}]}}