{"id":541,"date":"2022-07-16T19:39:51","date_gmt":"2022-07-16T16:39:51","guid":{"rendered":"https:\/\/saitzorlu.com.tr\/yeni\/?page_id=541"},"modified":"2022-07-16T19:39:52","modified_gmt":"2022-07-16T16:39:52","slug":"calisan-adayi-bilgilendirme-ve-aydinlatma-metni","status":"publish","type":"page","link":"https:\/\/saitzorlu.com.tr\/yeni\/calisan-adayi-bilgilendirme-ve-aydinlatma-metni\/","title":{"rendered":"\u00c7al\u0131\u015fan Aday\u0131 Bilgilendirme Ve Ayd\u0131nlatma Metni"},"content":{"rendered":"\n<p><strong>6698 SAYILI K\u0130\u015e\u0130SEL VER\u0130LER\u0130N KORUNMASI KANUNU (KVKK)<\/strong><\/p>\n\n\n\n<p><strong>\u00c7ALI\u015eAN ADAYI B\u0130LG\u0130LEND\u0130RME VE AYDINLATMA METN\u0130<\/strong><\/p>\n\n\n\n<p>Ki\u015fisel Verilerin Korunmas\u0131 Kanununun (\u201cKanun\u201d) 10. maddesi ile Ayd\u0131nlatma Y\u00fck\u00fcml\u00fcl\u00fc\u011f\u00fcn\u00fcn Yerine Getirilmesinde Uyulacak Usul ve Esaslar Hakk\u0131nda Tebli\u011f ve ilgili mevzuat uyar\u0131nca, internet sayfas\u0131 \u00fczerinden \u201c\u0130K\u201d formunu doldurup, i\u015f ba\u015fvurusu yapan \u00e7al\u0131\u015fan adaylar\u0131n\u0131 kapsayacak \u015fekilde haz\u0131rlanm\u0131\u015f olan i\u015fbu ayd\u0131nlatma metni ile sizleri bilgilendiriyoruz. KVKK politikalar\u0131m\u0131z\u0131 internet sayfam\u0131zdan inceleyebilirsiniz.<\/p>\n\n\n\n<p><strong>1.VER\u0130 SORUMLUSU:<\/strong><\/p>\n\n\n\n<p>Ki\u015fisel verileriniz, 6698 say\u0131l\u0131 Ki\u015fisel Verilerin Korunmas\u0131 Kanunu (\u201cKVKK\u201d) uyar\u0131nca, Sait Zorlu \u0130n\u015faat Otomotiv Tekstil D\u0131\u015f Ticaret Sanayi Limited \u015eirketi (\u201cSait Zorlu \u0130n\u015faat\u201d), taraf\u0131ndan, Kanununun 3. maddesinde tan\u0131mlanan \u201cVeri Sorumlusu\u201d s\u0131fat\u0131yla i\u015flenmektedir.&nbsp;<\/p>\n\n\n\n<p><strong>2.K\u0130\u015e\u0130SEL VER\u0130LER\u0130N HANG\u0130 AMA\u00c7LA \u0130\u015eLENECE\u011e\u0130<\/strong><\/p>\n\n\n\n<p>\u0130nsan kaynaklar\u0131 s\u00fcre\u00e7lerinin planlanmas\u0131, \u00e7al\u0131\u015fan aday\u0131n\u0131n i\u015fe kabul, g\u00f6revlendirme s\u00fcre\u00e7lerinin y\u00fcr\u00fct\u00fclmesi, ba\u015fvuruyu yapan ilgili ki\u015finin talep etti\u011fi \u00e7al\u0131\u015fma pozisyonuna uygunlu\u011fun de\u011ferlendirilmesi, referans olarak g\u00f6sterilen ki\u015filerle ileti\u015fimin sa\u011flanmas\u0131, bilgilerin teyit edilmesi, \u00e7al\u0131\u015fan aday\u0131 ile gerekli ileti\u015fimin sa\u011flanmas\u0131, i\u015f ba\u015fvurusunun olumsuz sonu\u00e7lanmas\u0131 durumunda, sonraki d\u00f6nemlerde olu\u015fabilecek uygun i\u015f pozisyonlar i\u00e7in aday\u0131n yeniden de\u011ferlendirilmesi, talep edilen uygun \u00fccretin belirlenmesi, faaliyetlerin mevzuata uygun y\u00fcr\u00fct\u00fclmesi, olu\u015fabilecek hukuki uyu\u015fmazl\u0131klarda delil olarak ispat y\u00fck\u00fcml\u00fcl\u00fc\u011f\u00fc ama\u00e7lar\u0131yla ki\u015fisel verileriniz Kanunun 4, 5 ve 6. maddeleri gere\u011fi belirlenen \u015fartlar ve ama\u00e7lar do\u011frultusunda i\u015flenmektedir.<\/p>\n\n\n\n<p><strong>3.\u0130\u015eLENEN K\u0130\u015e\u0130SEL VER\u0130LER\u0130N\u0130Z<\/strong><\/p>\n\n\n\n<p><strong>Kimlik bilgileriniz<\/strong> (Kimlik numaran\u0131z, ad\u0131n\u0131z ve soyad\u0131n\u0131z, uyruk, do\u011fum yeri ve tarihi, cinsiyet, medeni durumunuz ve payla\u015f\u0131lan di\u011fer kimlik bilgileri)<\/p>\n\n\n\n<p><strong>\u0130leti\u015fim bilgileriniz<\/strong> (Telefon numaralar\u0131n\u0131z, ileti\u015fim adresi, e-posta adresiniz)<\/p>\n\n\n\n<p><strong>\u00d6zl\u00fck&nbsp;Bilgileri<\/strong> (\u0130\u015f ba\u015fvuru formunda yaz\u0131l\u0131 \u00f6zl\u00fck bilgisi, \u00f6zge\u00e7mi\u015f, cv bilgileri, \u00f6\u011frenim, diploma, sertifika bilgisi, SGK kay\u0131t bilgileri, i\u015fe giri\u015f, \u00e7\u0131k\u0131\u015f bilgileri, askerlik durum, \u00e7al\u0131\u015fmak istedi\u011fi pozisyon bilgisi)<\/p>\n\n\n\n<p><strong>E\u011fitim ve Meslek Bilgileri<\/strong> (\u00d6zge\u00e7mi\u015f bilgileri, \u00f6\u011frenim durum bilgileri, e\u011fitim, diploma bilgileri, meslek kurslar\u0131, sertifika bilgisi, SGK bilgileri, hizmet d\u00f6k\u00fcm\u00fc, i\u015fe giri\u015f, \u00e7\u0131k\u0131\u015f bilgileri, aile bireylerinin n\u00fcfus kay\u0131t bilgileri, i\u015f ba\u015fvuru, de\u011ferlendirme formunda yer alan bilgiler, yabanc\u0131 dil, bilgisayar, i\u015f tecr\u00fcbesine dair bilgiler, meslek bilgisi)<\/p>\n\n\n\n<p><strong>\u0130\u015flem G\u00fcvenli\u011fi Bilgileri <\/strong>(\u0130nternet giri\u015f \u00e7\u0131k\u0131\u015f kay\u0131tlar\u0131, IP bilgileri, kullan\u0131lan yaz\u0131l\u0131m ve uygulamalar\u0131n ID, kullan\u0131c\u0131 ad\u0131, \u015fifre, \u00fcyelik bilgileri)<\/p>\n\n\n\n<p><strong>Fiziksel Mekan G\u00fcvenli\u011fi&nbsp;Bilgileri<\/strong> (\u00c7al\u0131\u015fan adaylar\u0131n\u0131n \u015firketimizi ve eklentilerini, ofislerimizi ziyaret etmeleri halinde giri\u015f \u00e7\u0131k\u0131\u015f kay\u0131t bilgileri, kamera kay\u0131t g\u00f6r\u00fcnt\u00fcleriniz, otopark\u0131m\u0131z\u0131 kullanman\u0131z halinde ara\u00e7 plaka bilgileriniz)<\/p>\n\n\n\n<p><strong>G\u00f6rsel ve \u0130\u015fitsel Kay\u0131tlar<\/strong> (Doldurulan, bas\u0131l\u0131 formlar, diploma, sertifika, payla\u015f\u0131lan evrak ve resmi kimlik belgeleriniz \u00fczerinde yer alan foto\u011fraf bilgisi, i\u015fe ba\u015fvuru ve \u015firket faaliyetleri kapsam\u0131nda gerekti\u011finde al\u0131nan foto\u011fraflar, kamera kay\u0131tlar\u0131ndaki g\u00f6r\u00fcnt\u00fcleriniz, elektronik ortamlarda uzaktan ba\u011flant\u0131 yap\u0131lmas\u0131 halinde g\u00f6rsel ve i\u015fitsel kay\u0131t bilgisi)<\/p>\n\n\n\n<p><strong>4.\u0130\u015eLENEN K\u0130\u015e\u0130SEL VER\u0130LER\u0130N K\u0130MLERE VE HANG\u0130 AMA\u00c7LA AKTARILAB\u0130LECE\u011e\u0130<\/strong><\/p>\n\n\n\n<p>Bu ayd\u0131nlatma metni kapsam\u0131nda, belirtilen ki\u015fisel verileriniz; 2 inci maddede belirtilen ama\u00e7larla s\u0131n\u0131rl\u0131 olmak \u00fczere; ilgili birim \u00e7al\u0131\u015fanlar\u0131m\u0131za, \u015firket ortaklar\u0131\/hissedarlar\u0131m\u0131za, \u015firkete ait elektronik verilerin g\u00fcvenli\u011fini sa\u011flamak amac\u0131yla, \u015firkete yaz\u0131l\u0131m, donan\u0131m, teknolojisi hizmeti veren bilgi i\u015flem, teknoloji firmalar\u0131na, hizmet sa\u011flay\u0131c\u0131lar\u0131na, \u015firket veri taban\u0131na, avukatl\u0131k b\u00fcrolar\u0131na, dan\u0131\u015fmanl\u0131k firmalar\u0131na, insan kaynaklar\u0131 hizmeti sunan internet sitelerine, \u0130\u015eKUR, \u00f6zel istihdam b\u00fcrolar\u0131na, yetkili kamu kurum ve kurulu\u015flar\u0131na Kanunun 8. maddesinde belirtilen ki\u015fisel veri i\u015fleme \u015fartlar\u0131 uyar\u0131nca belirtilen ama\u00e7larla s\u0131n\u0131rl\u0131 olarak aktar\u0131labilecektir.<\/p>\n\n\n\n<p><strong>5.<\/strong><strong>K\u0130\u015e\u0130SEL VER\u0130 TOPLAMANIN Y\u00d6NTEM\u0130 VE HUKUK\u0130 SEBEPLER\u0130<\/strong><\/p>\n\n\n\n<p>Ki\u015fisel verileriniz, internet sayfas\u0131 \u00fczerinden \u201c\u0130K\u201d formunun doldurulmas\u0131, ekinde \u00f6zge\u00e7mi\u015f, cv \u00f6rneklerini elektronik ortamda sunman\u0131z suretiyle, otomatik olarak i\u015flenmektedir. Ki\u015fisel verileriniz; belirlenen i\u015fleme ama\u00e7lar\u0131 do\u011frultusunda, Kanunu\u2019nun 5. maddesinin 2. f\u0131kras\u0131nda belirtilen ve a\u015fa\u011f\u0131da yaz\u0131l\u0131 \u015fartlardan bir veya birka\u00e7\u0131na dayal\u0131 olarak; Kanunun 5\/2- c) \u2019\u2019Bir s\u00f6zle\u015fmenin kurulmas\u0131 veya ifas\u0131yla do\u011frudan do\u011fruya ilgili olmas\u0131 kayd\u0131yla, s\u00f6zle\u015fmenin taraflar\u0131na ait ki\u015fisel verilerin i\u015flenmesinin gerekli olmas\u0131\u2019\u2019, \u00e7)\u2018\u2019Veri sorumlusunun hukuki y\u00fck\u00fcml\u00fcl\u00fc\u011f\u00fcn\u00fc yerine getirebilmesi i\u00e7in zorunlu olmas\u0131\u2019\u2019, d)\u2019\u2019\u0130lgili ki\u015finin kendisi taraf\u0131ndan alenile\u015ftirilmi\u015f olmas\u0131\u2019\u2019, f) \u201c\u0130lgili ki\u015finin temel hak ve \u00f6zg\u00fcrl\u00fcklerine zarar vermemek kayd\u0131yla, veri sorumlusunun me\u015fru menfaatleri i\u00e7in veri i\u015flenmesinin zorunlu olmas\u0131\u201d maddelerinde belirtilen hukuki sebeplere dayal\u0131 olarak i\u015flenmekte ve toplanmaktad\u0131r.<\/p>\n\n\n\n<p><strong>6.K\u0130\u015e\u0130SEL VER\u0130 SAH\u0130B\u0130N\u0130N HAKLARI (BA\u015eVURU HAKKI):<\/strong><\/p>\n\n\n\n<p><a>6698 Say\u0131l\u0131 Ki\u015fisel Verileri Koruma Kanununun \u201cilgili ki\u015finin haklar\u0131n\u0131 d\u00fczenleyen\u201d 11 inci maddesi kapsam\u0131ndaki taleplerinizi; Veri Sorumlusuna Ba\u015fvuru Usul ve Esaslar\u0131 Hakk\u0131nda Tebli\u011f h\u00fck\u00fcmlerine g\u00f6re, veri sorumlusu olarak<\/a> Sait Zorlu \u0130n\u015faat Otomotiv Tekstil D\u0131\u015f Ticaret Sanayi Limited \u015eirketi (\u201cSait Zorlu \u0130n\u015faat\u201d), Adres: Odunluk Mah. Akp\u0131nar Cad. Zorlu \u0130\u015f Merkezi No:13 B \/A Nil\u00fcfer Bursa adresine bizzat, internet sitemizde bulunan BA\u015eVURU FORMUNU doldurarak yaz\u0131l\u0131 olarak veya <a href=\"mailto:info@saitzorlu.com.tr\">info@saitzorlu.com.tr<\/a> adresine e-posta g\u00f6ndererek veya noter vas\u0131tas\u0131yla iletebilirsiniz.<\/p>\n","protected":false},"excerpt":{"rendered":"<p>6698 SAYILI K\u0130\u015e\u0130SEL VER\u0130LER\u0130N KORUNMASI KANUNU (KVKK) \u00c7ALI\u015eAN ADAYI B\u0130LG\u0130LEND\u0130RME VE AYDINLATMA METN\u0130 Ki\u015fisel Verilerin Korunmas\u0131 Kanununun (\u201cKanun\u201d) 10. maddesi ile Ayd\u0131nlatma Y\u00fck\u00fcml\u00fcl\u00fc\u011f\u00fcn\u00fcn Yerine Getirilmesinde Uyulacak<span class=\"excerpt-hellip\"> [\u2026]<\/span><\/p>\n","protected":false},"author":1,"featured_media":0,"parent":0,"menu_order":0,"comment_status":"closed","ping_status":"closed","template":"","meta":[],"_links":{"self":[{"href":"https:\/\/saitzorlu.com.tr\/yeni\/wp-json\/wp\/v2\/pages\/541"}],"collection":[{"href":"https:\/\/saitzorlu.com.tr\/yeni\/wp-json\/wp\/v2\/pages"}],"about":[{"href":"https:\/\/saitzorlu.com.tr\/yeni\/wp-json\/wp\/v2\/types\/page"}],"author":[{"embeddable":true,"href":"https:\/\/saitzorlu.com.tr\/yeni\/wp-json\/wp\/v2\/users\/1"}],"replies":[{"embeddable":true,"href":"https:\/\/saitzorlu.com.tr\/yeni\/wp-json\/wp\/v2\/comments?post=541"}],"version-history":[{"count":1,"href":"https:\/\/saitzorlu.com.tr\/yeni\/wp-json\/wp\/v2\/pages\/541\/revisions"}],"predecessor-version":[{"id":542,"href":"https:\/\/saitzorlu.com.tr\/yeni\/wp-json\/wp\/v2\/pages\/541\/revisions\/542"}],"wp:attachment":[{"href":"https:\/\/saitzorlu.com.tr\/yeni\/wp-json\/wp\/v2\/media?parent=541"}],"curies":[{"name":"wp","href":"https:\/\/api.w.org\/{rel}","templated":true}]}}